{"id":130,"date":"2023-10-26T14:57:40","date_gmt":"2023-10-26T12:57:40","guid":{"rendered":"https:\/\/moncv-lunaplaquet.ovh\/?page_id=130"},"modified":"2023-10-26T15:32:08","modified_gmt":"2023-10-26T13:32:08","slug":"mes-experiences","status":"publish","type":"page","link":"https:\/\/moncv-lunaplaquet.ovh\/index.php\/mes-experiences\/","title":{"rendered":"Mes exp\u00e9riences"},"content":{"rendered":"\n<details class=\"wp-block-details is-layout-flow wp-block-details-is-layout-flow\"><summary><strong>FOUSSIER<\/strong> \u2013 Assistante Chef de produits Marketing\/Approvisionneuse &#8211; <em>13\/03\/2023 au 31\/01\/2024<\/em><\/summary>\n<p>CDD \u2013 Pr\u00e9paration Catalogue 2024. R\u00e9f\u00e9rencements, mise en page, utilisation de PIMCORE (syst\u00e8me de gestion de donn\u00e9es et contenu), approvisionnement.<\/p>\n<\/details>\n\n\n\n<details class=\"wp-block-details is-layout-flow wp-block-details-is-layout-flow\"><summary><strong>B\u00e9n\u00e9volat Foul\u00e9es des Portes du Maine 2023<\/strong> &#8211; <em>02\/2023 au 04\/2023<\/em><\/summary>\n<p>Communication autour de l&#8217;\u00e9v\u00e8nement (affiches, publications r\u00e9seaux sociaux, montages vid\u00e9os\u2026).<\/p>\n<\/details>\n\n\n\n<details class=\"wp-block-details is-layout-flow wp-block-details-is-layout-flow\"><summary><strong>CCI Le Mans Sarthe<\/strong> \u2013 Assistante Formalit\u00e9s Apprentissage &#8211; <em>02\/05\/2022 au 28\/10\/2022<\/em><\/summary>\n<p>CDD \u2013 Prise en charge des mails, appels t\u00e9l\u00e9phoniques, facturation, pr\u00e9paration des contrats d\u2019apprentissage, classement et archivage des dossiers, utilisation des logiciels de gestion.<\/p>\n<\/details>\n\n\n\n<details class=\"wp-block-details is-layout-flow wp-block-details-is-layout-flow\"><summary><strong>ASS Tourisme et Loisirs Champagne<\/strong> \u2013 Stage et alternance  &#8211; <em>24\/05\/2021 au  27\/06\/2021 et 01\/08\/2021 au 30\/04\/2022<\/em><\/summary>\n<p>Stage de fin de 1\u00e8re ann\u00e9e et contrat d\u2019apprentissage dans les services production de voyages, communication, gestion des r\u00e9seaux sociaux et accueil des adh\u00e9rents.<\/p>\n<\/details>\n\n\n\n<details class=\"wp-block-details is-layout-flow wp-block-details-is-layout-flow\"><summary><strong>Centre de Vaccination Le Mans<\/strong> \u2013 Sapeur-pompier volontaire &#8211; <em>Juillet 2021 \u00e0 ao\u00fbt 2021<\/em><\/summary>\n<p>Accueil des patients, organisation, travail administratif et secourisme.<\/p>\n<\/details>\n\n\n\n<details class=\"wp-block-details is-layout-flow wp-block-details-is-layout-flow\"><summary><strong>H&amp;M<\/strong> \u2013 Vendeuse &#8211; <em>28\/10\/2020 au 30\/04\/2021<\/em><\/summary>\n<p>Vente de v\u00eatements et organisation du magasin.<\/p>\n<\/details>\n\n\n\n<details class=\"wp-block-details is-layout-flow wp-block-details-is-layout-flow\"><summary><strong>SOCAMAINE<\/strong> &#8211; Pr\u00e9parateur de commandes &#8211; <em>13\/07\/2020 au 28\/08\/2020<\/em><\/summary>\n<p>Pr\u00e9paration de palettes pour les magasins Leclerc, utilisation de gerbeur.<\/p>\n<\/details>\n\n\n\n<details class=\"wp-block-details is-layout-flow wp-block-details-is-layout-flow\"><summary><strong>VILLE DU MANS<\/strong> &#8211; Agent d\u2019entretien &#8211; <em>24\/02\/2020 au 15\/03\/2020 et 18\/05\/2020 au 10\/07\/2020<\/em><\/summary>\n<p>Entretien m\u00e9nage de plusieurs cr\u00e8ches.<\/p>\n<\/details>\n\n\n\n<details class=\"wp-block-details is-layout-flow wp-block-details-is-layout-flow\"><summary><strong>KINOUGARDE <\/strong>&#8211; Intervenant &#8211; <em>Octobre 2019 \u00e0 janvier 2020<\/em><\/summary>\n<p>Garde \u00e0 domicile de deux familles, enfants \u00e2g\u00e9s de 3 \u00e0 7 ans<strong>.<\/strong><\/p>\n<\/details>\n\n\n\n<details class=\"wp-block-details is-layout-flow wp-block-details-is-layout-flow\"><summary><strong>RENAULT Le Mans<\/strong> \u2013 Exploitant industriel &#8211; <em>27\/06\/2019 au 27\/07\/2019<\/em><\/summary>\n<p>En horaires de nuit, contr\u00f4le qualit\u00e9 pi\u00e8ces et machines.<\/p>\n<\/details>\n\n\n\n<div style=\"height:100px\" aria-hidden=\"true\" class=\"wp-block-spacer\"><\/div>\n","protected":false},"excerpt":{"rendered":"","protected":false},"author":1,"featured_media":0,"parent":0,"menu_order":3,"comment_status":"closed","ping_status":"closed","template":"","meta":{"footnotes":""},"class_list":["post-130","page","type-page","status-publish","hentry"],"_links":{"self":[{"href":"https:\/\/moncv-lunaplaquet.ovh\/index.php\/wp-json\/wp\/v2\/pages\/130","targetHints":{"allow":["GET"]}}],"collection":[{"href":"https:\/\/moncv-lunaplaquet.ovh\/index.php\/wp-json\/wp\/v2\/pages"}],"about":[{"href":"https:\/\/moncv-lunaplaquet.ovh\/index.php\/wp-json\/wp\/v2\/types\/page"}],"author":[{"embeddable":true,"href":"https:\/\/moncv-lunaplaquet.ovh\/index.php\/wp-json\/wp\/v2\/users\/1"}],"replies":[{"embeddable":true,"href":"https:\/\/moncv-lunaplaquet.ovh\/index.php\/wp-json\/wp\/v2\/comments?post=130"}],"version-history":[{"count":4,"href":"https:\/\/moncv-lunaplaquet.ovh\/index.php\/wp-json\/wp\/v2\/pages\/130\/revisions"}],"predecessor-version":[{"id":145,"href":"https:\/\/moncv-lunaplaquet.ovh\/index.php\/wp-json\/wp\/v2\/pages\/130\/revisions\/145"}],"wp:attachment":[{"href":"https:\/\/moncv-lunaplaquet.ovh\/index.php\/wp-json\/wp\/v2\/media?parent=130"}],"curies":[{"name":"wp","href":"https:\/\/api.w.org\/{rel}","templated":true}]}}