{"id":18,"date":"2023-09-14T14:23:07","date_gmt":"2023-09-14T12:23:07","guid":{"rendered":"https:\/\/moncv-lunaplaquet.ovh\/?page_id=18"},"modified":"2023-10-26T15:57:34","modified_gmt":"2023-10-26T13:57:34","slug":"beaux-portfolios-pour-des-creatifs-exceptionnels","status":"publish","type":"page","link":"https:\/\/moncv-lunaplaquet.ovh\/","title":{"rendered":""},"content":{"rendered":"\n<div class=\"wp-block-cover alignfull is-light\"><span aria-hidden=\"true\" class=\"wp-block-cover__background has-background-dim\" style=\"background-color:#e5e9ec\"><\/span><img loading=\"lazy\" decoding=\"async\" width=\"225\" height=\"225\" class=\"wp-block-cover__image-background wp-image-121\" alt=\"\" src=\"http:\/\/moncv-lunaplaquet.ovh\/wp-content\/uploads\/2023\/10\/telecharger.png\" data-object-fit=\"cover\" srcset=\"https:\/\/moncv-lunaplaquet.ovh\/wp-content\/uploads\/2023\/10\/telecharger.png 225w, https:\/\/moncv-lunaplaquet.ovh\/wp-content\/uploads\/2023\/10\/telecharger-150x150.png 150w\" sizes=\"auto, (max-width: 225px) 100vw, 225px\" \/><div class=\"wp-block-cover__inner-container is-layout-flow wp-block-cover-is-layout-flow\">\n<div class=\"wp-block-group alignfull\"><div class=\"wp-block-group__inner-container is-layout-flow wp-block-group-is-layout-flow\">\n<div class=\"wp-block-columns is-layout-flex wp-container-core-columns-is-layout-9d6595d7 wp-block-columns-is-layout-flex\">\n<div class=\"wp-block-column is-vertically-aligned-center is-layout-flow wp-block-column-is-layout-flow\">\n<h2 class=\"wp-block-heading\">About me<\/h2>\n\n\n\n<p>Je m&#8217;appelle Luna PLAQUET.<\/p>\n\n\n\n<p>\u00c2g\u00e9e de 22 ans et originaire du Mans, je suis passionn\u00e9e par la cr\u00e9ation graphique et la communication digitale.<\/p>\n\n\n\n<div class=\"wp-block-buttons is-horizontal is-content-justification-left is-layout-flex wp-container-core-buttons-is-layout-7e5fce0a wp-block-buttons-is-layout-flex\">\n<div class=\"wp-block-button is-style-outline is-style-outline--1\"><a class=\"wp-block-button__link wp-element-button\" href=\"https:\/\/moncv-lunaplaquet.ovh\/index.php\/about-me\/\">En savoir plus<\/a><\/div>\n<\/div>\n\n\n\n<p><\/p>\n<\/div>\n\n\n\n<div class=\"wp-block-column is-layout-flow wp-block-column-is-layout-flow\">\n<figure class=\"wp-block-image size-full\"><img loading=\"lazy\" decoding=\"async\" width=\"420\" height=\"420\" src=\"https:\/\/moncv-lunaplaquet.ovh\/wp-content\/uploads\/2023\/09\/f1d20ae160c9f7c1566b7d1537c81d13-sticker.png\" alt=\"\" class=\"wp-image-41\" srcset=\"https:\/\/moncv-lunaplaquet.ovh\/wp-content\/uploads\/2023\/09\/f1d20ae160c9f7c1566b7d1537c81d13-sticker.png 420w, https:\/\/moncv-lunaplaquet.ovh\/wp-content\/uploads\/2023\/09\/f1d20ae160c9f7c1566b7d1537c81d13-sticker-300x300.png 300w, https:\/\/moncv-lunaplaquet.ovh\/wp-content\/uploads\/2023\/09\/f1d20ae160c9f7c1566b7d1537c81d13-sticker-150x150.png 150w\" sizes=\"auto, (max-width: 420px) 100vw, 420px\" \/><\/figure>\n<\/div>\n<\/div>\n\n\n\n<p><\/p>\n<\/div><\/div>\n<\/div><\/div>\n\n\n\n<div style=\"height:27px\" aria-hidden=\"true\" class=\"wp-block-spacer\"><\/div>\n\n\n\n<h1 class=\"wp-block-heading has-text-align-center\">Je suis &#8230;<\/h1>\n\n\n\n<div class=\"wp-block-group is-content-justification-space-between is-nowrap is-layout-flex wp-container-core-group-is-layout-00d45507 wp-block-group-is-layout-flex\">\n<p class=\"has-text-align-center\">Cr\u00e9ative<\/p>\n\n\n\n<div class=\"wp-block-group is-nowrap is-layout-flex wp-container-core-group-is-layout-ad2f72ca wp-block-group-is-layout-flex\">\n<p class=\"has-text-align-center\">Ambitieuse<\/p>\n<\/div>\n\n\n\n<p class=\"has-text-align-center\">Organis\u00e9e<\/p>\n\n\n\n<p class=\"has-text-align-center\">Polyvalente<\/p>\n<\/div>\n\n\n\n<div style=\"height:57px\" aria-hidden=\"true\" class=\"wp-block-spacer\"><\/div>\n\n\n\n<div class=\"wp-block-cover alignfull is-light\"><span aria-hidden=\"true\" class=\"wp-block-cover__background has-black-background-color has-background-dim\"><\/span><img loading=\"lazy\" decoding=\"async\" width=\"225\" height=\"225\" class=\"wp-block-cover__image-background wp-image-123\" alt=\"\" src=\"http:\/\/moncv-lunaplaquet.ovh\/wp-content\/uploads\/2023\/10\/images.jpg\" data-object-fit=\"cover\" srcset=\"https:\/\/moncv-lunaplaquet.ovh\/wp-content\/uploads\/2023\/10\/images.jpg 225w, https:\/\/moncv-lunaplaquet.ovh\/wp-content\/uploads\/2023\/10\/images-150x150.jpg 150w\" sizes=\"auto, (max-width: 225px) 100vw, 225px\" \/><div class=\"wp-block-cover__inner-container is-layout-flow wp-block-cover-is-layout-flow\">\n<div class=\"wp-block-group alignfull\"><div class=\"wp-block-group__inner-container is-layout-flow wp-block-group-is-layout-flow\">\n<h2 class=\"wp-block-heading has-text-align-center has-white-color has-text-color\">Mes comp\u00e9tences<\/h2>\n\n\n\n<figure class=\"wp-block-gallery aligncenter has-nested-images columns-default is-cropped wp-block-gallery-2 is-layout-flex wp-block-gallery-is-layout-flex\">\n<figure class=\"wp-block-image size-full\"><img loading=\"lazy\" decoding=\"async\" width=\"800\" height=\"780\" data-id=\"62\" src=\"https:\/\/moncv-lunaplaquet.ovh\/wp-content\/uploads\/2023\/09\/Adobe_Creative_Cloud_rainbow_icon.svg_.png\" alt=\"\" class=\"wp-image-62\" srcset=\"https:\/\/moncv-lunaplaquet.ovh\/wp-content\/uploads\/2023\/09\/Adobe_Creative_Cloud_rainbow_icon.svg_.png 800w, https:\/\/moncv-lunaplaquet.ovh\/wp-content\/uploads\/2023\/09\/Adobe_Creative_Cloud_rainbow_icon.svg_-300x293.png 300w, https:\/\/moncv-lunaplaquet.ovh\/wp-content\/uploads\/2023\/09\/Adobe_Creative_Cloud_rainbow_icon.svg_-768x749.png 768w\" sizes=\"auto, (max-width: 800px) 100vw, 800px\" \/><\/figure>\n\n\n\n<figure class=\"wp-block-image size-full\"><img loading=\"lazy\" decoding=\"async\" width=\"800\" height=\"780\" data-id=\"64\" src=\"https:\/\/moncv-lunaplaquet.ovh\/wp-content\/uploads\/2023\/09\/Adobe_InDesign_CC_icon.svg_.png\" alt=\"\" class=\"wp-image-64\" srcset=\"https:\/\/moncv-lunaplaquet.ovh\/wp-content\/uploads\/2023\/09\/Adobe_InDesign_CC_icon.svg_.png 800w, https:\/\/moncv-lunaplaquet.ovh\/wp-content\/uploads\/2023\/09\/Adobe_InDesign_CC_icon.svg_-300x293.png 300w, https:\/\/moncv-lunaplaquet.ovh\/wp-content\/uploads\/2023\/09\/Adobe_InDesign_CC_icon.svg_-768x749.png 768w\" sizes=\"auto, (max-width: 800px) 100vw, 800px\" \/><\/figure>\n\n\n\n<figure class=\"wp-block-image size-large\"><img loading=\"lazy\" decoding=\"async\" width=\"1024\" height=\"998\" data-id=\"65\" src=\"https:\/\/moncv-lunaplaquet.ovh\/wp-content\/uploads\/2023\/09\/Adobe_Illustrator_CC_icon.svg_-1024x998.png\" alt=\"\" class=\"wp-image-65\" srcset=\"https:\/\/moncv-lunaplaquet.ovh\/wp-content\/uploads\/2023\/09\/Adobe_Illustrator_CC_icon.svg_-1024x998.png 1024w, https:\/\/moncv-lunaplaquet.ovh\/wp-content\/uploads\/2023\/09\/Adobe_Illustrator_CC_icon.svg_-300x293.png 300w, https:\/\/moncv-lunaplaquet.ovh\/wp-content\/uploads\/2023\/09\/Adobe_Illustrator_CC_icon.svg_-768x749.png 768w, https:\/\/moncv-lunaplaquet.ovh\/wp-content\/uploads\/2023\/09\/Adobe_Illustrator_CC_icon.svg_.png 1200w\" sizes=\"auto, (max-width: 1024px) 100vw, 1024px\" \/><\/figure>\n\n\n\n<figure class=\"wp-block-image size-large\"><img loading=\"lazy\" decoding=\"async\" width=\"1024\" height=\"998\" data-id=\"66\" src=\"https:\/\/moncv-lunaplaquet.ovh\/wp-content\/uploads\/2023\/09\/Adobe_Photoshop_CC_icon.svg_-1024x998.png\" alt=\"\" class=\"wp-image-66\" srcset=\"https:\/\/moncv-lunaplaquet.ovh\/wp-content\/uploads\/2023\/09\/Adobe_Photoshop_CC_icon.svg_-1024x998.png 1024w, https:\/\/moncv-lunaplaquet.ovh\/wp-content\/uploads\/2023\/09\/Adobe_Photoshop_CC_icon.svg_-300x293.png 300w, https:\/\/moncv-lunaplaquet.ovh\/wp-content\/uploads\/2023\/09\/Adobe_Photoshop_CC_icon.svg_-768x749.png 768w, https:\/\/moncv-lunaplaquet.ovh\/wp-content\/uploads\/2023\/09\/Adobe_Photoshop_CC_icon.svg_.png 1200w\" sizes=\"auto, (max-width: 1024px) 100vw, 1024px\" \/><\/figure>\n\n\n\n<figure class=\"wp-block-image size-large\"><img loading=\"lazy\" decoding=\"async\" width=\"1024\" height=\"998\" data-id=\"67\" src=\"https:\/\/moncv-lunaplaquet.ovh\/wp-content\/uploads\/2023\/09\/Adobe_Premiere_Pro_CC_icon.svg-2-1024x998.png\" alt=\"\" class=\"wp-image-67\" srcset=\"https:\/\/moncv-lunaplaquet.ovh\/wp-content\/uploads\/2023\/09\/Adobe_Premiere_Pro_CC_icon.svg-2-1024x998.png 1024w, https:\/\/moncv-lunaplaquet.ovh\/wp-content\/uploads\/2023\/09\/Adobe_Premiere_Pro_CC_icon.svg-2-300x293.png 300w, https:\/\/moncv-lunaplaquet.ovh\/wp-content\/uploads\/2023\/09\/Adobe_Premiere_Pro_CC_icon.svg-2-768x749.png 768w, https:\/\/moncv-lunaplaquet.ovh\/wp-content\/uploads\/2023\/09\/Adobe_Premiere_Pro_CC_icon.svg-2.png 1200w\" sizes=\"auto, (max-width: 1024px) 100vw, 1024px\" \/><\/figure>\n\n\n\n<figure class=\"wp-block-image size-large\"><img loading=\"lazy\" decoding=\"async\" width=\"1024\" height=\"998\" data-id=\"68\" src=\"https:\/\/moncv-lunaplaquet.ovh\/wp-content\/uploads\/2023\/09\/Adobe_After_Effects_CC_icon.svg_-1024x998.png\" alt=\"\" class=\"wp-image-68\" srcset=\"https:\/\/moncv-lunaplaquet.ovh\/wp-content\/uploads\/2023\/09\/Adobe_After_Effects_CC_icon.svg_-1024x998.png 1024w, https:\/\/moncv-lunaplaquet.ovh\/wp-content\/uploads\/2023\/09\/Adobe_After_Effects_CC_icon.svg_-300x293.png 300w, https:\/\/moncv-lunaplaquet.ovh\/wp-content\/uploads\/2023\/09\/Adobe_After_Effects_CC_icon.svg_-768x749.png 768w, https:\/\/moncv-lunaplaquet.ovh\/wp-content\/uploads\/2023\/09\/Adobe_After_Effects_CC_icon.svg_-1536x1498.png 1536w, https:\/\/moncv-lunaplaquet.ovh\/wp-content\/uploads\/2023\/09\/Adobe_After_Effects_CC_icon.svg_.png 1920w\" sizes=\"auto, (max-width: 1024px) 100vw, 1024px\" \/><\/figure>\n<\/figure>\n<\/div><\/div>\n<\/div><\/div>\n\n\n\n<div style=\"height:21px\" aria-hidden=\"true\" class=\"wp-block-spacer\"><\/div>\n\n\n\n<div class=\"wp-block-group alignfull\"><div class=\"wp-block-group__inner-container is-layout-flow wp-block-group-is-layout-flow\">\n<div class=\"wp-block-columns alignwide are-vertically-aligned-center is-layout-flex wp-container-core-columns-is-layout-9d6595d7 wp-block-columns-is-layout-flex\">\n<div class=\"wp-block-column is-vertically-aligned-center is-layout-flow wp-block-column-is-layout-flow\"><div class=\"wp-block-image\">\n<figure class=\"alignright size-full is-resized\"><img loading=\"lazy\" decoding=\"async\" width=\"626\" height=\"417\" src=\"https:\/\/moncv-lunaplaquet.ovh\/wp-content\/uploads\/2023\/09\/assortiment-bureau-plat-tablette-ecran-vide_23-2148707960.jpg\" alt=\"\" class=\"wp-image-57\" style=\"width:503px;height:335px\" srcset=\"https:\/\/moncv-lunaplaquet.ovh\/wp-content\/uploads\/2023\/09\/assortiment-bureau-plat-tablette-ecran-vide_23-2148707960.jpg 626w, https:\/\/moncv-lunaplaquet.ovh\/wp-content\/uploads\/2023\/09\/assortiment-bureau-plat-tablette-ecran-vide_23-2148707960-300x200.jpg 300w\" sizes=\"auto, (max-width: 626px) 100vw, 626px\" \/><\/figure>\n<\/div><\/div>\n\n\n\n<div class=\"wp-block-column is-vertically-aligned-center is-layout-flow wp-block-column-is-layout-flow\">\n<h2 class=\"wp-block-heading has-text-align-right\">Mes exp\u00e9riences<\/h2>\n\n\n\n<p class=\"has-text-align-right\">J&#8217;ai la chance d&#8217;avoir pu commencer \u00e0 travailler d\u00e8s mes 18 ans, ce qui m&#8217;a permis de pouvoir me cr\u00e9er de l&#8217;exp\u00e9rience dans des domaines tr\u00e8s divers et vari\u00e9s.<\/p>\n\n\n\n<div class=\"wp-block-buttons is-content-justification-right is-layout-flex wp-container-core-buttons-is-layout-765c4724 wp-block-buttons-is-layout-flex\">\n<div class=\"wp-block-button is-style-outline is-style-outline--3\"><a class=\"wp-block-button__link wp-element-button\" href=\"https:\/\/moncv-lunaplaquet.ovh\/index.php\/mes-experiences\/\">en savoir plus<\/a><\/div>\n<\/div>\n<\/div>\n<\/div>\n<\/div><\/div>\n\n\n\n<div style=\"height:13px\" aria-hidden=\"true\" class=\"wp-block-spacer\"><\/div>\n\n\n\n<div class=\"wp-block-cover alignfull is-light\"><span aria-hidden=\"true\" class=\"wp-block-cover__background has-black-background-color has-background-dim\"><\/span><img loading=\"lazy\" decoding=\"async\" width=\"420\" height=\"312\" class=\"wp-block-cover__image-background wp-image-122\" alt=\"\" src=\"http:\/\/moncv-lunaplaquet.ovh\/wp-content\/uploads\/2023\/10\/9591_420x560.png\" data-object-fit=\"cover\" srcset=\"https:\/\/moncv-lunaplaquet.ovh\/wp-content\/uploads\/2023\/10\/9591_420x560.png 420w, https:\/\/moncv-lunaplaquet.ovh\/wp-content\/uploads\/2023\/10\/9591_420x560-300x223.png 300w\" sizes=\"auto, (max-width: 420px) 100vw, 420px\" \/><div class=\"wp-block-cover__inner-container is-layout-flow wp-block-cover-is-layout-flow\">\n<div class=\"wp-block-group alignfull\"><div class=\"wp-block-group__inner-container is-layout-flow wp-block-group-is-layout-flow\">\n<h2 class=\"wp-block-heading has-text-align-center has-white-color has-text-color\">Mon portfolio<\/h2>\n\n\n\n<div data-wp-interactive=\"core\/file\" class=\"wp-block-file\"><object data-wp-bind--hidden=\"!state.hasPdfPreview\" hidden class=\"wp-block-file__embed\" data=\"https:\/\/moncv-lunaplaquet.ovh\/wp-content\/uploads\/2023\/09\/Portfolio.pdf\" type=\"application\/pdf\" style=\"width:100%;height:600px\" aria-label=\"Embed of Portfolio.\"><\/object><a id=\"wp-block-file--media-ec83f96a-13a0-46f2-bb5f-845b91321348\" href=\"https:\/\/moncv-lunaplaquet.ovh\/wp-content\/uploads\/2023\/09\/Portfolio.pdf\">Portfolio<\/a><a href=\"https:\/\/moncv-lunaplaquet.ovh\/wp-content\/uploads\/2023\/09\/Portfolio.pdf\" class=\"wp-block-file__button wp-element-button\" download aria-describedby=\"wp-block-file--media-ec83f96a-13a0-46f2-bb5f-845b91321348\">T\u00e9l\u00e9charger<\/a><\/div>\n<\/div><\/div>\n<\/div><\/div>\n\n\n\n<!--more                                   -->\n\n\n\n<div class=\"wp-block-cover alignfull is-light has-parallax is-position-center-center\" style=\"min-height:375px;aspect-ratio:unset;\"><span aria-hidden=\"true\" class=\"wp-block-cover__background has-black-background-color has-background-dim-40 has-background-dim\"><\/span><div role=\"img\" class=\"wp-block-cover__image-background has-parallax\" style=\"background-position:50% 50%;background-image:url(blob:https:\/\/moncv-lunaplaquet.ovh\/537b554c-92d0-4869-b727-d23b829e0430)\"><\/div><div class=\"wp-block-cover__inner-container is-layout-flow wp-block-cover-is-layout-flow\">\n<p class=\"has-text-align-center has-text-color has-huge-font-size\" style=\"color:#fffffa;line-height:1.1\"><strong>Mes dipl\u00f4mes<\/strong><\/p>\n\n\n\n<div style=\"height:39px\" aria-hidden=\"true\" class=\"wp-block-spacer\"><\/div>\n\n\n\n<div class=\"wp-block-media-text is-stacked-on-mobile\"><figure class=\"wp-block-media-text__media\"><img loading=\"lazy\" decoding=\"async\" width=\"1024\" height=\"725\" src=\"https:\/\/moncv-lunaplaquet.ovh\/wp-content\/uploads\/2023\/09\/Luna_PLAQUET_PARCHEMINS_2023_ECAD_POUR_STUDI_Template_GM_37064_-_V2_page-0001-1024x725.jpg\" alt=\"\" class=\"wp-image-71 size-full\" srcset=\"https:\/\/moncv-lunaplaquet.ovh\/wp-content\/uploads\/2023\/09\/Luna_PLAQUET_PARCHEMINS_2023_ECAD_POUR_STUDI_Template_GM_37064_-_V2_page-0001-1024x725.jpg 1024w, https:\/\/moncv-lunaplaquet.ovh\/wp-content\/uploads\/2023\/09\/Luna_PLAQUET_PARCHEMINS_2023_ECAD_POUR_STUDI_Template_GM_37064_-_V2_page-0001-300x212.jpg 300w, https:\/\/moncv-lunaplaquet.ovh\/wp-content\/uploads\/2023\/09\/Luna_PLAQUET_PARCHEMINS_2023_ECAD_POUR_STUDI_Template_GM_37064_-_V2_page-0001-768x544.jpg 768w, https:\/\/moncv-lunaplaquet.ovh\/wp-content\/uploads\/2023\/09\/Luna_PLAQUET_PARCHEMINS_2023_ECAD_POUR_STUDI_Template_GM_37064_-_V2_page-0001-1536x1087.jpg 1536w, https:\/\/moncv-lunaplaquet.ovh\/wp-content\/uploads\/2023\/09\/Luna_PLAQUET_PARCHEMINS_2023_ECAD_POUR_STUDI_Template_GM_37064_-_V2_page-0001-2048x1450.jpg 2048w, https:\/\/moncv-lunaplaquet.ovh\/wp-content\/uploads\/2023\/09\/Luna_PLAQUET_PARCHEMINS_2023_ECAD_POUR_STUDI_Template_GM_37064_-_V2_page-0001-2000x1416.jpg 2000w\" sizes=\"auto, (max-width: 1024px) 100vw, 1024px\" \/><\/figure><div class=\"wp-block-media-text__content\">\n<p class=\"has-text-align-center\"><strong><mark style=\"background-color:rgba(0, 0, 0, 0)\" class=\"has-inline-color has-white-color\">Graduate Communication Digitale et Design Graphique<\/mark><\/strong><\/p>\n\n\n\n<p class=\"has-text-align-center\"><mark style=\"background-color:rgba(0, 0, 0, 0)\" class=\"has-inline-color has-white-color\">| D\u00e9cembre 2022 | Digital Campus<\/mark><\/p>\n\n\n\n<p class=\"has-text-align-center\"><strong><mark style=\"background-color:rgba(0, 0, 0, 0)\" class=\"has-inline-color has-white-color\">Baccalaur\u00e9at Economique et Social<\/mark><\/strong><\/p>\n\n\n\n<p class=\"has-text-align-center\"><mark style=\"background-color:rgba(0, 0, 0, 0)\" class=\"has-inline-color has-white-color\">| 2019 | Lyc\u00e9e Le Mans Sud<\/mark><\/p>\n<\/div><\/div>\n\n\n\n<hr class=\"wp-block-separator has-alpha-channel-opacity\"\/>\n\n\n\n<div class=\"wp-block-buttons is-horizontal is-content-justification-center is-layout-flex wp-container-core-buttons-is-layout-499968f5 wp-block-buttons-is-layout-flex\">\n<div class=\"wp-block-button is-style-outline is-style-outline--4\"><a class=\"wp-block-button__link has-white-color has-text-color wp-element-button\" href=\"https:\/\/moncv-lunaplaquet.ovh\/index.php\/contact\/\">Contactez moi<\/a><\/div>\n<\/div>\n<\/div><\/div>\n","protected":false},"excerpt":{"rendered":"<p>Je suis &#8230; Cr\u00e9ative Ambitieuse Organis\u00e9e Polyvalente Mes exp\u00e9riences J&#8217;ai la chance d&#8217;avoir pu commencer \u00e0 travailler d\u00e8s mes 18 ans, ce qui m&#8217;a permis de pouvoir me cr\u00e9er de l&#8217;exp\u00e9rience dans des domaines tr\u00e8s divers et vari\u00e9s.<\/p>\n","protected":false},"author":1,"featured_media":17,"parent":0,"menu_order":1,"comment_status":"closed","ping_status":"closed","template":"","meta":{"footnotes":""},"class_list":["post-18","page","type-page","status-publish","has-post-thumbnail","hentry"],"_links":{"self":[{"href":"https:\/\/moncv-lunaplaquet.ovh\/index.php\/wp-json\/wp\/v2\/pages\/18","targetHints":{"allow":["GET"]}}],"collection":[{"href":"https:\/\/moncv-lunaplaquet.ovh\/index.php\/wp-json\/wp\/v2\/pages"}],"about":[{"href":"https:\/\/moncv-lunaplaquet.ovh\/index.php\/wp-json\/wp\/v2\/types\/page"}],"author":[{"embeddable":true,"href":"https:\/\/moncv-lunaplaquet.ovh\/index.php\/wp-json\/wp\/v2\/users\/1"}],"replies":[{"embeddable":true,"href":"https:\/\/moncv-lunaplaquet.ovh\/index.php\/wp-json\/wp\/v2\/comments?post=18"}],"version-history":[{"count":25,"href":"https:\/\/moncv-lunaplaquet.ovh\/index.php\/wp-json\/wp\/v2\/pages\/18\/revisions"}],"predecessor-version":[{"id":166,"href":"https:\/\/moncv-lunaplaquet.ovh\/index.php\/wp-json\/wp\/v2\/pages\/18\/revisions\/166"}],"wp:featuredmedia":[{"embeddable":true,"href":"https:\/\/moncv-lunaplaquet.ovh\/index.php\/wp-json\/wp\/v2\/media\/17"}],"wp:attachment":[{"href":"https:\/\/moncv-lunaplaquet.ovh\/index.php\/wp-json\/wp\/v2\/media?parent=18"}],"curies":[{"name":"wp","href":"https:\/\/api.w.org\/{rel}","templated":true}]}}