{"id":19,"date":"2023-09-14T14:23:07","date_gmt":"2023-09-14T12:23:07","guid":{"rendered":"https:\/\/moncv-lunaplaquet.ovh\/?page_id=19"},"modified":"2023-10-26T15:50:11","modified_gmt":"2023-10-26T13:50:11","slug":"about-me","status":"publish","type":"page","link":"https:\/\/moncv-lunaplaquet.ovh\/index.php\/about-me\/","title":{"rendered":"About me"},"content":{"rendered":"\n<div style=\"height:100px\" aria-hidden=\"true\" class=\"wp-block-spacer\"><\/div>\n\n\n\n<h4 class=\"wp-block-heading has-large-font-size\" id=\"inspiro-is-a-digital-product-agency-that-focuses-on-strategy-and-design\" style=\"font-style:normal;font-weight:100\">\u00c2g\u00e9e de 22 ans et originaire du Mans, je suis passionn\u00e9e par la cr\u00e9ation graphique et la communication digitale.<\/h4>\n\n\n\n<div style=\"height:13px\" aria-hidden=\"true\" class=\"wp-block-spacer\"><\/div>\n\n\n\n<div class=\"wp-block-media-text is-stacked-on-mobile\"><figure class=\"wp-block-media-text__media\"><img loading=\"lazy\" decoding=\"async\" width=\"1024\" height=\"1024\" src=\"https:\/\/moncv-lunaplaquet.ovh\/wp-content\/uploads\/2023\/09\/IMG_E1572-1-1024x1024.jpg\" alt=\"\" class=\"wp-image-88 size-full\" srcset=\"https:\/\/moncv-lunaplaquet.ovh\/wp-content\/uploads\/2023\/09\/IMG_E1572-1-1024x1024.jpg 1024w, https:\/\/moncv-lunaplaquet.ovh\/wp-content\/uploads\/2023\/09\/IMG_E1572-1-300x300.jpg 300w, https:\/\/moncv-lunaplaquet.ovh\/wp-content\/uploads\/2023\/09\/IMG_E1572-1-150x150.jpg 150w, https:\/\/moncv-lunaplaquet.ovh\/wp-content\/uploads\/2023\/09\/IMG_E1572-1-768x768.jpg 768w, https:\/\/moncv-lunaplaquet.ovh\/wp-content\/uploads\/2023\/09\/IMG_E1572-1-1536x1536.jpg 1536w, https:\/\/moncv-lunaplaquet.ovh\/wp-content\/uploads\/2023\/09\/IMG_E1572-1-2048x2048.jpg 2048w, https:\/\/moncv-lunaplaquet.ovh\/wp-content\/uploads\/2023\/09\/IMG_E1572-1-2000x2000.jpg 2000w\" sizes=\"auto, (max-width: 1024px) 100vw, 1024px\" \/><\/figure><div class=\"wp-block-media-text__content\">\n<p>On dit de moi que je suis une personne souriante, ambitieuse, cr\u00e9ative et polyvalente.<\/p>\n\n\n\n<p>J&#8217;ai \u00e9galement l&#8217;esprit d&#8217;\u00e9quipe et je sais prendre des initiatives.<\/p>\n<\/div><\/div>\n\n\n\n<div style=\"height:35px\" aria-hidden=\"true\" class=\"wp-block-spacer\"><\/div>\n\n\n\n<hr class=\"wp-block-separator has-alpha-channel-opacity\"\/>\n\n\n\n<div style=\"height:23px\" aria-hidden=\"true\" class=\"wp-block-spacer\"><\/div>\n\n\n\n<h1 class=\"wp-block-heading has-text-align-center\">Le week-end je suis &#8230;<\/h1>\n\n\n\n<div class=\"wp-block-columns alignwide is-layout-flex wp-container-core-columns-is-layout-9d6595d7 wp-block-columns-is-layout-flex\">\n<div class=\"wp-block-column is-layout-flow wp-block-column-is-layout-flow\">\n<figure class=\"wp-block-image size-large\"><img loading=\"lazy\" decoding=\"async\" width=\"724\" height=\"1024\" src=\"https:\/\/moncv-lunaplaquet.ovh\/wp-content\/uploads\/2023\/09\/Avenir-saint-pavin-le-mans-724x1024.png\" alt=\"\" class=\"wp-image-78\" srcset=\"https:\/\/moncv-lunaplaquet.ovh\/wp-content\/uploads\/2023\/09\/Avenir-saint-pavin-le-mans-724x1024.png 724w, https:\/\/moncv-lunaplaquet.ovh\/wp-content\/uploads\/2023\/09\/Avenir-saint-pavin-le-mans-212x300.png 212w, https:\/\/moncv-lunaplaquet.ovh\/wp-content\/uploads\/2023\/09\/Avenir-saint-pavin-le-mans-768x1086.png 768w, https:\/\/moncv-lunaplaquet.ovh\/wp-content\/uploads\/2023\/09\/Avenir-saint-pavin-le-mans-1086x1536.png 1086w, https:\/\/moncv-lunaplaquet.ovh\/wp-content\/uploads\/2023\/09\/Avenir-saint-pavin-le-mans.png 1414w\" sizes=\"auto, (max-width: 724px) 100vw, 724px\" \/><\/figure>\n\n\n\n<p class=\"has-black-color has-text-color has-medium-font-size\">Joueuse de basketball<\/p>\n\n\n\n<p class=\"has-text-color\" style=\"color:#7a7a7a\">Depuis l&#8217;\u00e2ge de 9 ans je pratique le basketball en club. <\/p>\n\n\n\n<p class=\"has-text-color\" style=\"color:#7a7a7a\">J&#8217;\u00e9volue aujourd&#8217;hui dans 2 \u00e9quipes : R\u00e9gionale 3 et Nationale 3 f\u00e9minines \u00e0 Saint Pavin.<\/p>\n<\/div>\n\n\n\n<div class=\"wp-block-column is-layout-flow wp-block-column-is-layout-flow\">\n<figure class=\"wp-block-image size-large\"><img loading=\"lazy\" decoding=\"async\" width=\"1024\" height=\"768\" src=\"https:\/\/moncv-lunaplaquet.ovh\/wp-content\/uploads\/2023\/09\/33d0f900-6736-4f41-8711-3b49efa1a2cc-1024x768.jpg\" alt=\"\" class=\"wp-image-84\" srcset=\"https:\/\/moncv-lunaplaquet.ovh\/wp-content\/uploads\/2023\/09\/33d0f900-6736-4f41-8711-3b49efa1a2cc-1024x768.jpg 1024w, https:\/\/moncv-lunaplaquet.ovh\/wp-content\/uploads\/2023\/09\/33d0f900-6736-4f41-8711-3b49efa1a2cc-300x225.jpg 300w, https:\/\/moncv-lunaplaquet.ovh\/wp-content\/uploads\/2023\/09\/33d0f900-6736-4f41-8711-3b49efa1a2cc-768x576.jpg 768w, https:\/\/moncv-lunaplaquet.ovh\/wp-content\/uploads\/2023\/09\/33d0f900-6736-4f41-8711-3b49efa1a2cc-1536x1152.jpg 1536w, https:\/\/moncv-lunaplaquet.ovh\/wp-content\/uploads\/2023\/09\/33d0f900-6736-4f41-8711-3b49efa1a2cc-2000x1500.jpg 2000w, https:\/\/moncv-lunaplaquet.ovh\/wp-content\/uploads\/2023\/09\/33d0f900-6736-4f41-8711-3b49efa1a2cc.jpg 2048w\" sizes=\"auto, (max-width: 1024px) 100vw, 1024px\" \/><\/figure>\n\n\n\n<p class=\"has-black-color has-text-color has-medium-font-size\">Coach de basketball<\/p>\n\n\n\n<p class=\"has-text-color\" style=\"color:#7a7a7a\">Je suis coach de l&#8217;\u00e9quipe u15 d\u00e9partementale 2 masculine au sein de mon club.<\/p>\n<\/div>\n\n\n\n<div class=\"wp-block-column is-layout-flow wp-block-column-is-layout-flow\">\n<figure class=\"wp-block-image size-large\"><img loading=\"lazy\" decoding=\"async\" width=\"705\" height=\"1024\" src=\"https:\/\/moncv-lunaplaquet.ovh\/wp-content\/uploads\/2023\/09\/IMG_7446-705x1024.jpg\" alt=\"\" class=\"wp-image-85\" srcset=\"https:\/\/moncv-lunaplaquet.ovh\/wp-content\/uploads\/2023\/09\/IMG_7446-705x1024.jpg 705w, https:\/\/moncv-lunaplaquet.ovh\/wp-content\/uploads\/2023\/09\/IMG_7446-206x300.jpg 206w, https:\/\/moncv-lunaplaquet.ovh\/wp-content\/uploads\/2023\/09\/IMG_7446-768x1116.jpg 768w, https:\/\/moncv-lunaplaquet.ovh\/wp-content\/uploads\/2023\/09\/IMG_7446-1057x1536.jpg 1057w, https:\/\/moncv-lunaplaquet.ovh\/wp-content\/uploads\/2023\/09\/IMG_7446.jpg 1084w\" sizes=\"auto, (max-width: 705px) 100vw, 705px\" \/><\/figure>\n\n\n\n<p class=\"has-black-color has-text-color has-medium-font-size\">Sapeur-pompier volontaire<\/p>\n\n\n\n<p class=\"has-text-color\" style=\"color:#7a7a7a\">Cela fait 3 ans que je me suis engag\u00e9 en tant que sapeur-pompier volontaire au sein de ma commune.<\/p>\n<\/div>\n<\/div>\n\n\n\n<div style=\"height:100px\" aria-hidden=\"true\" class=\"wp-block-spacer\"><\/div>\n","protected":false},"excerpt":{"rendered":"<p>\u00c2g\u00e9e de 22 ans et originaire du Mans, je suis passionn\u00e9e par la cr\u00e9ation graphique et la communication digitale. On dit de moi que je suis une personne souriante, ambitieuse, cr\u00e9ative et polyvalente. J&#8217;ai \u00e9galement l&#8217;esprit d&#8217;\u00e9quipe et je sais prendre des initiatives. Le week-end je suis &#8230; Joueuse de basketball Depuis l&#8217;\u00e2ge de 9 &hellip; <\/p>\n<p class=\"link-more\"><a href=\"https:\/\/moncv-lunaplaquet.ovh\/index.php\/about-me\/\" class=\"more-link\">Read more<span class=\"screen-reader-text\"> &#8220;About me&#8221;<\/span><\/a><\/p>\n","protected":false},"author":1,"featured_media":17,"parent":0,"menu_order":2,"comment_status":"closed","ping_status":"closed","template":"page-templates\/no-title.php","meta":{"footnotes":""},"class_list":["post-19","page","type-page","status-publish","has-post-thumbnail","hentry"],"_links":{"self":[{"href":"https:\/\/moncv-lunaplaquet.ovh\/index.php\/wp-json\/wp\/v2\/pages\/19","targetHints":{"allow":["GET"]}}],"collection":[{"href":"https:\/\/moncv-lunaplaquet.ovh\/index.php\/wp-json\/wp\/v2\/pages"}],"about":[{"href":"https:\/\/moncv-lunaplaquet.ovh\/index.php\/wp-json\/wp\/v2\/types\/page"}],"author":[{"embeddable":true,"href":"https:\/\/moncv-lunaplaquet.ovh\/index.php\/wp-json\/wp\/v2\/users\/1"}],"replies":[{"embeddable":true,"href":"https:\/\/moncv-lunaplaquet.ovh\/index.php\/wp-json\/wp\/v2\/comments?post=19"}],"version-history":[{"count":13,"href":"https:\/\/moncv-lunaplaquet.ovh\/index.php\/wp-json\/wp\/v2\/pages\/19\/revisions"}],"predecessor-version":[{"id":160,"href":"https:\/\/moncv-lunaplaquet.ovh\/index.php\/wp-json\/wp\/v2\/pages\/19\/revisions\/160"}],"wp:featuredmedia":[{"embeddable":true,"href":"https:\/\/moncv-lunaplaquet.ovh\/index.php\/wp-json\/wp\/v2\/media\/17"}],"wp:attachment":[{"href":"https:\/\/moncv-lunaplaquet.ovh\/index.php\/wp-json\/wp\/v2\/media?parent=19"}],"curies":[{"name":"wp","href":"https:\/\/api.w.org\/{rel}","templated":true}]}}